{"id":1656,"date":"2024-04-03T11:05:05","date_gmt":"2024-04-03T08:05:05","guid":{"rendered":"https:\/\/www.warels.com.tr\/tr_TR\/?page_id=1656"},"modified":"2024-05-29T11:06:28","modified_gmt":"2024-05-29T08:06:28","slug":"kullanim-kosullari","status":"publish","type":"page","link":"https:\/\/www.warels.com.tr\/tr_TR\/kullanim-kosullari","title":{"rendered":"Kullan\u0131m Ko\u015fullar\u0131"},"content":{"rendered":"\t\t<div data-elementor-type=\"wp-page\" data-elementor-id=\"1656\" class=\"elementor elementor-1656\">\n\t\t\t\t<div class=\"elementor-element elementor-element-b865818 e-flex e-con-boxed e-con e-parent\" data-id=\"b865818\" data-element_type=\"container\" data-core-v316-plus=\"true\">\n\t\t\t\t\t<div class=\"e-con-inner\">\n\t\t\t\t<div class=\"elementor-element elementor-element-f7a7e06 elementor-widget elementor-widget-text-editor\" data-id=\"f7a7e06\" data-element_type=\"widget\" data-widget_type=\"text-editor.default\">\n\t\t\t\t<div class=\"elementor-widget-container\">\n\t\t\t<style>\/*! elementor - v3.20.0 - 26-03-2024 *\/\n.elementor-widget-text-editor.elementor-drop-cap-view-stacked .elementor-drop-cap{background-color:#69727d;color:#fff}.elementor-widget-text-editor.elementor-drop-cap-view-framed .elementor-drop-cap{color:#69727d;border:3px solid;background-color:transparent}.elementor-widget-text-editor:not(.elementor-drop-cap-view-default) .elementor-drop-cap{margin-top:8px}.elementor-widget-text-editor:not(.elementor-drop-cap-view-default) .elementor-drop-cap-letter{width:1em;height:1em}.elementor-widget-text-editor .elementor-drop-cap{float:left;text-align:center;line-height:1;font-size:50px}.elementor-widget-text-editor .elementor-drop-cap-letter{display:inline-block}<\/style>\t\t\t\t<p>Bu sitede (www.warels.com.tr) yer alan her t\u00fcrl\u00fc tasar\u0131m, marka, logo ve ses, g\u00f6r\u00fcnt\u00fc, yaz\u0131 i\u00e7eren bilgi ve belgeler (bundan sonra \u2018i\u00e7erik\u2019 olarak an\u0131lacakt\u0131r) \u00fczerindeki fikri m\u00fclkiyet haklar\u0131 ile telif haklar\u0131 VBAP B\u0130L\u0130\u015e\u0130M S\u0130STEMLER\u0130 YAZILIM E\u011e\u0130T\u0130M VE DANI\u015eMANLIK LTD. \u015eT\u0130.\u2019ne (bundan sonra yaln\u0131zca \u2018WARELS\u2019 olarak an\u0131lacakt\u0131r) aittir veya bir lisans anla\u015fmas\u0131 \u00e7er\u00e7evesinde kullan\u0131lmaktad\u0131r.<\/p><p>Sitemizde yer alan i\u00e7eri\u011fin tamam\u0131 veya herhangi bir k\u0131sm\u0131 yaln\u0131zca sahiplerinin yaz\u0131l\u0131 izni ile kullan\u0131labilir. \u0130\u00e7erik \u00fczerinde izinsiz de\u011fi\u015fiklik yapmak, kopyalamak, kiralamak, \u00f6d\u00fcn\u00e7 vermek, iletmek ve yay\u0131nlamak yasakt\u0131r. Web siteden al\u0131nan i\u00e7erik herhangi bir ticari ama\u00e7la kullan\u0131lamaz.<\/p><p>WARELS bu web sitesi kullan\u0131m ko\u015fullar\u0131nda, haber vermeksizin de\u011fi\u015fiklikler yapabilir.<\/p><p>Bu sitemizden \u00fc\u00e7\u00fcnc\u00fc ki\u015filere ait sitelere verilen ba\u011flant\u0131lar, sizi WARELS web a\u011f\u0131n\u0131n d\u0131\u015f\u0131na g\u00f6t\u00fcrebilir. Bu sitelerin i\u00e7eri\u011fi, do\u011frulu\u011fu veya i\u015fleviyle ilgili olarak WARELS hi\u00e7 bir sorumluluk \u00fcstlenmez. Bu ba\u011flant\u0131lar iyi niyet \u00e7er\u00e7evesinde sunulmaktad\u0131r. WARELS, ba\u011flant\u0131s\u0131n\u0131 verdi\u011fimiz sitelerde daha sonra olabilecek herhangi bir de\u011fi\u015fiklikten sorumlu de\u011fildir. WARELS ve bu sitenin olu\u015fturulmas\u0131, \u00fcretilmesi veya iletilmesinde yer alan herhangi bir \u00fc\u00e7\u00fcnc\u00fc taraf, bu siteye eri\u015fim veya sitenin kullan\u0131m\u0131ndan do\u011fabilecek herhangi bir do\u011frudan, dolayl\u0131, ar\u0131zi, tali zarar, ziyan veya hasardan veya do\u011fabilecek cezai sorumluluktan \u00f6t\u00fcr\u00fc sorumlu tutulamaz.<\/p><p>WARELS, bu sitede yer alan i\u00e7eri\u011fin belirli bir amaca uygunlu\u011funu garanti etmez. Ayr\u0131ca, bu siteye eri\u015fiminiz, kullanman\u0131z veya bu siteden herhangi bir ses, g\u00f6r\u00fcnt\u00fc, yaz\u0131 i\u00e7eren bilgi ve belge indirmeniz nedeniyle bilgisayar donan\u0131m\u0131n\u0131zda veya di\u011fer varl\u0131klar\u0131n\u0131zda meydana gelebilecek herhangi bir hasar veya bilgisayar sistemlerinize bula\u015fabilecek k\u00f6t\u00fc niyetli yaz\u0131l\u0131mlar\u0131n sebep olabilece\u011fi hasarlardan WARELS sorumlu tutulamaz.<\/p><p>\u0130\u015f ba\u015fvurular\u0131 hari\u00e7 olmak \u00fczere, web sitemiz ya da e-posta hesaplar\u0131m\u0131z arac\u0131l\u0131\u011f\u0131yla bize iletti\u011finiz her t\u00fcr yorum, \u00f6neri, fikir, grafik ve sair bilgiler, WARELS taraf\u0131ndan, size veya ba\u015fka herhangi bir ki\u015fiye herhangi bir \u00f6deme yap\u0131lmaks\u0131z\u0131n, ticari veya gayri ticari bir ama\u00e7la kullan\u0131labilecektir. WARELS, i\u015f ba\u015fvurular\u0131 hari\u00e7 olmak \u00fczere kendilerine iletilen bu t\u00fcr bilgileri gizli tutmak zorunda de\u011fildir.<\/p><p>18 ya\u015f\u0131ndan k\u00fc\u00e7\u00fcklerin, WARELS\u2019a ait web sitelerine velileri veya vasilerinden izin almaks\u0131z\u0131n bilgi sunmalar\u0131ndan WARELS sorumlu tutulamaz.<\/p><p>WARELS i\u00e7eri\u011fin g\u00fcncellenmesi ya da ba\u015fka nedenlerle destek ya da bak\u0131m \u00e7al\u0131\u015fmalar\u0131 s\u0131ras\u0131nda bu web sitesinin faaliyetini ask\u0131ya alabilir, her zaman i\u00e7in herhangi bir bildirimde bulunmaks\u0131z\u0131n bu web sitesine eri\u015fime son verme hakk\u0131na sahiptir.<\/p><p>Bu web sitesinde yer alan b\u00fct\u00fcn bilgiler ve tavsiyeler genel nitelikte oldu\u011fundan bunlara dayanarak karar vermemeniz gerekir. WARELS bu web sitesinde sunulan b\u00fct\u00fcn bilgilerin, web sitesine dahil edildi\u011fi an itibariyle, do\u011fru olmas\u0131na gayret etmekte, ancak bunlar\u0131n do\u011fru oldu\u011funa dair garanti vermemektedir.<\/p><p>WARELS web sitesini kullanan her ziyaret\u00e7i yukar\u0131da yer alan kullan\u0131m ko\u015fullar\u0131n\u0131 kabul etmi\u015f say\u0131lmaktad\u0131r<\/p>\t\t\t\t\t\t<\/div>\n\t\t\t\t<\/div>\n\t\t\t\t\t<\/div>\n\t\t\t\t<\/div>\n\t\t\t\t<\/div>\n\t\t","protected":false},"excerpt":{"rendered":"<p>Bu sitede (www.warels.com.tr) yer alan her t\u00fcrl\u00fc tasar\u0131m, marka, logo ve ses, g\u00f6r\u00fcnt\u00fc, yaz\u0131 i\u00e7eren bilgi ve belgeler (bundan sonra \u2018i\u00e7erik\u2019 olarak an\u0131lacakt\u0131r) \u00fczerindeki fikri m\u00fclkiyet haklar\u0131 ile telif haklar\u0131 VBAP B\u0130L\u0130\u015e\u0130M S\u0130STEMLER\u0130 YAZILIM E\u011e\u0130T\u0130M VE DANI\u015eMANLIK LTD. \u015eT\u0130.\u2019ne (bundan sonra yaln\u0131zca \u2018WARELS\u2019 olarak an\u0131lacakt\u0131r) aittir veya bir lisans anla\u015fmas\u0131 \u00e7er\u00e7evesinde kullan\u0131lmaktad\u0131r. Sitemizde yer alan [&hellip;]<\/p>\n","protected":false},"author":1,"featured_media":0,"parent":0,"menu_order":0,"comment_status":"closed","ping_status":"closed","template":"","meta":{"footnotes":""},"_links":{"self":[{"href":"https:\/\/www.warels.com.tr\/tr_TR\/wp-json\/wp\/v2\/pages\/1656"}],"collection":[{"href":"https:\/\/www.warels.com.tr\/tr_TR\/wp-json\/wp\/v2\/pages"}],"about":[{"href":"https:\/\/www.warels.com.tr\/tr_TR\/wp-json\/wp\/v2\/types\/page"}],"author":[{"embeddable":true,"href":"https:\/\/www.warels.com.tr\/tr_TR\/wp-json\/wp\/v2\/users\/1"}],"replies":[{"embeddable":true,"href":"https:\/\/www.warels.com.tr\/tr_TR\/wp-json\/wp\/v2\/comments?post=1656"}],"version-history":[{"count":13,"href":"https:\/\/www.warels.com.tr\/tr_TR\/wp-json\/wp\/v2\/pages\/1656\/revisions"}],"predecessor-version":[{"id":2278,"href":"https:\/\/www.warels.com.tr\/tr_TR\/wp-json\/wp\/v2\/pages\/1656\/revisions\/2278"}],"wp:attachment":[{"href":"https:\/\/www.warels.com.tr\/tr_TR\/wp-json\/wp\/v2\/media?parent=1656"}],"curies":[{"name":"wp","href":"https:\/\/api.w.org\/{rel}","templated":true}]}}