{"id":1692,"date":"2024-05-15T09:45:32","date_gmt":"2024-05-15T06:45:32","guid":{"rendered":"https:\/\/www.warels.com.tr\/tr_TR\/?page_id=1692"},"modified":"2024-05-23T13:31:10","modified_gmt":"2024-05-23T10:31:10","slug":"akilli-depo-cozumleri","status":"publish","type":"page","link":"https:\/\/www.warels.com.tr\/tr_TR\/akilli-depo-cozumleri","title":{"rendered":"Ak\u0131ll\u0131 Depo \u00c7\u00f6z\u00fcmleri"},"content":{"rendered":"\t\t<div data-elementor-type=\"wp-page\" data-elementor-id=\"1692\" class=\"elementor elementor-1692\">\n\t\t\t\t\t\t<section class=\"elementor-section elementor-top-section elementor-element elementor-element-7d30de2 elementor-section-boxed elementor-section-height-default elementor-section-height-default\" data-id=\"7d30de2\" data-element_type=\"section\">\n\t\t\t\t\t\t<div class=\"elementor-container elementor-column-gap-default\">\n\t\t\t\t\t<div class=\"elementor-column elementor-col-100 elementor-top-column elementor-element elementor-element-3e044f6 ot-flex-column-vertical\" data-id=\"3e044f6\" data-element_type=\"column\">\n\t\t\t<div class=\"elementor-widget-wrap elementor-element-populated\">\n\t\t\t\t\t\t<section class=\"elementor-section elementor-inner-section elementor-element elementor-element-7dd0fe7 elementor-section-full_width elementor-section-height-default elementor-section-height-default\" data-id=\"7dd0fe7\" data-element_type=\"section\">\n\t\t\t\t\t\t<div class=\"elementor-container elementor-column-gap-default\">\n\t\t\t\t\t<div class=\"elementor-column elementor-col-33 elementor-inner-column elementor-element elementor-element-27e6d8c ot-flex-column-vertical\" data-id=\"27e6d8c\" data-element_type=\"column\">\n\t\t\t<div class=\"elementor-widget-wrap\">\n\t\t\t\t\t\t\t<\/div>\n\t\t<\/div>\n\t\t\t\t<div class=\"elementor-column elementor-col-33 elementor-inner-column elementor-element elementor-element-ac20ffe ot-flex-column-vertical\" data-id=\"ac20ffe\" data-element_type=\"column\">\n\t\t\t<div class=\"elementor-widget-wrap elementor-element-populated\">\n\t\t\t\t\t\t<div class=\"elementor-element elementor-element-bac2ba6 elementor-widget elementor-widget-iheading\" data-id=\"bac2ba6\" data-element_type=\"widget\" data-widget_type=\"iheading.default\">\n\t\t\t\t<div class=\"elementor-widget-container\">\n\t\t\t\t\t<div class=\"ot-heading\">\r\n\t        <span class=\"is_highlight\">\u0130\u015finizi \u0130leriye Ta\u015f\u0131y\u0131n<\/span>\t        <h3 class=\"main-head\">Ak\u0131ll\u0131 Depo Sistemlerinde Yaz\u0131l\u0131m \u00c7\u00f6z\u00fcmleri Sunuyoruz<\/h3>\t    <\/div>\r\n\t    \t\t<\/div>\n\t\t\t\t<\/div>\n\t\t\t\t\t<\/div>\n\t\t<\/div>\n\t\t\t\t<div class=\"elementor-column elementor-col-33 elementor-inner-column elementor-element elementor-element-8ceac13 ot-flex-column-vertical\" data-id=\"8ceac13\" data-element_type=\"column\">\n\t\t\t<div class=\"elementor-widget-wrap\">\n\t\t\t\t\t\t\t<\/div>\n\t\t<\/div>\n\t\t\t\t\t<\/div>\n\t\t<\/section>\n\t\t\t\t<section class=\"elementor-section elementor-inner-section elementor-element elementor-element-8248376 elementor-section-full_width elementor-section-height-default elementor-section-height-default\" data-id=\"8248376\" data-element_type=\"section\">\n\t\t\t\t\t\t<div class=\"elementor-container elementor-column-gap-extended\">\n\t\t\t\t\t<div class=\"elementor-column elementor-col-50 elementor-inner-column elementor-element elementor-element-3fee246 ot-flex-column-vertical\" data-id=\"3fee246\" data-element_type=\"column\">\n\t\t\t<div class=\"elementor-widget-wrap elementor-element-populated\">\n\t\t\t\t\t\t<div class=\"elementor-element elementor-element-e3793eb elementor-widget elementor-widget-iimage_box\" data-id=\"e3793eb\" data-element_type=\"widget\" data-widget_type=\"iimage_box.default\">\n\t\t\t\t<div class=\"elementor-widget-container\">\n\t\t\t\r\n\t\t<div class=\"ot-image-box\">\r\n\t\t\t<a href=\"https:\/\/www.warels.com.tr\/tr_TR\/tedarik-zinciri-yonetimi-yazilimlari\"><img fetchpriority=\"high\" decoding=\"async\" width=\"870\" height=\"576\" src=\"https:\/\/www.warels.com.tr\/tr_TR\/wp-content\/uploads\/tedarik-zinciri-yonetimi-yazilimlari-1.jpg\" class=\"attachment-full size-full wp-image-2174\" alt=\"\" srcset=\"https:\/\/www.warels.com.tr\/tr_TR\/wp-content\/uploads\/tedarik-zinciri-yonetimi-yazilimlari-1.jpg 870w, https:\/\/www.warels.com.tr\/tr_TR\/wp-content\/uploads\/tedarik-zinciri-yonetimi-yazilimlari-1-300x199.jpg 300w, https:\/\/www.warels.com.tr\/tr_TR\/wp-content\/uploads\/tedarik-zinciri-yonetimi-yazilimlari-1-768x508.jpg 768w\" sizes=\"(max-width: 870px) 100vw, 870px\" \/><\/a>\t\t\t<div class=\"content-box\">\r\n\t\t\t\t<h5 class=\"title-box\"><a href=\"https:\/\/www.warels.com.tr\/tr_TR\/tedarik-zinciri-yonetimi-yazilimlari\">Tedarik Zinciri Y\u00f6netimi Yaz\u0131l\u0131mlar\u0131<\/a><\/h5>\t\t\t\t<p>Tedarik zinciri y\u00f6netimi yaz\u0131l\u0131mlar\u0131m\u0131z, yapay zeka destekli algoritmalar kullanarak tedarik zincirinizi optimize etmenizi sa\u011flar. T\u00fcm s\u00fcre\u00e7leri tek bir platformda y\u00f6netebilir, stok ve envanter y\u00f6netimini daha etkili bir \u015fekilde yapabilirsiniz.<\/p>\t\t\t<\/div>\r\n\t\t\t<a href=\"https:\/\/www.warels.com.tr\/tr_TR\/tedarik-zinciri-yonetimi-yazilimlari\" class=\"link-box font-second\"><span>Daha Fazla...<\/span><i class=\"ot-flaticon-trajectory\"><\/i><\/a>\t    <\/div>\r\n\r\n\t    \t\t<\/div>\n\t\t\t\t<\/div>\n\t\t\t\t\t<\/div>\n\t\t<\/div>\n\t\t\t\t<div class=\"elementor-column elementor-col-50 elementor-inner-column elementor-element elementor-element-fb4b9e4 ot-flex-column-vertical\" data-id=\"fb4b9e4\" data-element_type=\"column\">\n\t\t\t<div class=\"elementor-widget-wrap elementor-element-populated\">\n\t\t\t\t\t\t<div class=\"elementor-element elementor-element-e21f33f elementor-widget elementor-widget-iimage_box\" data-id=\"e21f33f\" data-element_type=\"widget\" data-widget_type=\"iimage_box.default\">\n\t\t\t\t<div class=\"elementor-widget-container\">\n\t\t\t\r\n\t\t<div class=\"ot-image-box\">\r\n\t\t\t<a href=\"https:\/\/www.warels.com.tr\/tr_TR\/lojistik-yazilimlari\"><img decoding=\"async\" width=\"870\" height=\"576\" src=\"https:\/\/www.warels.com.tr\/tr_TR\/wp-content\/uploads\/lojistik-yazilimlari-1.jpg\" class=\"attachment-full size-full wp-image-2175\" alt=\"\" srcset=\"https:\/\/www.warels.com.tr\/tr_TR\/wp-content\/uploads\/lojistik-yazilimlari-1.jpg 870w, https:\/\/www.warels.com.tr\/tr_TR\/wp-content\/uploads\/lojistik-yazilimlari-1-300x199.jpg 300w, https:\/\/www.warels.com.tr\/tr_TR\/wp-content\/uploads\/lojistik-yazilimlari-1-768x508.jpg 768w\" sizes=\"(max-width: 870px) 100vw, 870px\" \/><\/a>\t\t\t<div class=\"content-box\">\r\n\t\t\t\t<h5 class=\"title-box\"><a href=\"https:\/\/www.warels.com.tr\/tr_TR\/lojistik-yazilimlari\">Lojistik Yaz\u0131l\u0131mlar\u0131<\/a><\/h5>\t\t\t\t<p>Lojistik yaz\u0131l\u0131mlar\u0131m\u0131z, yapay zeka ve makine \u00f6\u011frenme algoritmalar\u0131 kullanarak m\u00fc\u015fterilerinize daha h\u0131zl\u0131 ve g\u00fcvenilir teslimatlar yapman\u0131z\u0131 sa\u011flar. Lojistik operasyonlar\u0131n\u0131z\u0131 takip edebilir, t\u00fcm lojistik s\u00fcre\u00e7lerinizi optimize edebilirsiniz.<\/p>\t\t\t<\/div>\r\n\t\t\t<a href=\"https:\/\/www.warels.com.tr\/tr_TR\/lojistik-yazilimlari\" class=\"link-box font-second\"><span>Daha Fazla...<\/span><i class=\"ot-flaticon-trajectory\"><\/i><\/a>\t    <\/div>\r\n\r\n\t    \t\t<\/div>\n\t\t\t\t<\/div>\n\t\t\t\t\t<\/div>\n\t\t<\/div>\n\t\t\t\t\t<\/div>\n\t\t<\/section>\n\t\t\t\t<section class=\"elementor-section elementor-inner-section elementor-element elementor-element-752cb8d elementor-section-full_width elementor-section-height-default elementor-section-height-default\" data-id=\"752cb8d\" data-element_type=\"section\" data-settings=\"{&quot;background_background&quot;:&quot;classic&quot;}\">\n\t\t\t\t\t\t<div class=\"elementor-container elementor-column-gap-extended\">\n\t\t\t\t\t<div class=\"elementor-column elementor-col-50 elementor-inner-column elementor-element elementor-element-26bcbb6 ot-flex-column-vertical\" data-id=\"26bcbb6\" data-element_type=\"column\">\n\t\t\t<div class=\"elementor-widget-wrap elementor-element-populated\">\n\t\t\t\t\t\t<div class=\"elementor-element elementor-element-8f7cc1b elementor-widget elementor-widget-iimage_box\" data-id=\"8f7cc1b\" data-element_type=\"widget\" data-widget_type=\"iimage_box.default\">\n\t\t\t\t<div class=\"elementor-widget-container\">\n\t\t\t\r\n\t\t<div class=\"ot-image-box\">\r\n\t\t\t<a href=\"https:\/\/www.warels.com.tr\/tr_TR\/goruntu-isleme-ve-analiz-yazilimlari\"><img decoding=\"async\" width=\"870\" height=\"576\" src=\"https:\/\/www.warels.com.tr\/tr_TR\/wp-content\/uploads\/goruntu-isleme-ve-analiz-yazilimlari-1.jpg\" class=\"attachment-full size-full wp-image-2176\" alt=\"\" srcset=\"https:\/\/www.warels.com.tr\/tr_TR\/wp-content\/uploads\/goruntu-isleme-ve-analiz-yazilimlari-1.jpg 870w, https:\/\/www.warels.com.tr\/tr_TR\/wp-content\/uploads\/goruntu-isleme-ve-analiz-yazilimlari-1-300x199.jpg 300w, https:\/\/www.warels.com.tr\/tr_TR\/wp-content\/uploads\/goruntu-isleme-ve-analiz-yazilimlari-1-768x508.jpg 768w\" sizes=\"(max-width: 870px) 100vw, 870px\" \/><\/a>\t\t\t<div class=\"content-box\">\r\n\t\t\t\t<h5 class=\"title-box\"><a href=\"https:\/\/www.warels.com.tr\/tr_TR\/goruntu-isleme-ve-analiz-yazilimlari\">G\u00f6r\u00fcnt\u00fc \u0130\u015fleme ve Analiz Yaz\u0131l\u0131mlar\u0131<\/a><\/h5>\t\t\t\t<p>G\u00f6r\u00fcnt\u00fc i\u015fleme ve analiz yaz\u0131l\u0131mlar\u0131m\u0131z, yapay zeka teknolojileri kullanarak \u00fcretim s\u00fcre\u00e7lerinizi optimize etmenize yard\u0131mc\u0131 olur. Bu yaz\u0131l\u0131mlar, \u00fcretim hatt\u0131nda olu\u015fabilecek hatalar\u0131 tespit eder ve kalite kontrol s\u00fcre\u00e7lerinizi iyile\u015ftirir.\n<\/p>\t\t\t<\/div>\r\n\t\t\t<a href=\"https:\/\/www.warels.com.tr\/tr_TR\/goruntu-isleme-ve-analiz-yazilimlari\" class=\"link-box font-second\"><span>Daha Fazla...<\/span><i class=\"ot-flaticon-trajectory\"><\/i><\/a>\t    <\/div>\r\n\r\n\t    \t\t<\/div>\n\t\t\t\t<\/div>\n\t\t\t\t\t<\/div>\n\t\t<\/div>\n\t\t\t\t<div class=\"elementor-column elementor-col-50 elementor-inner-column elementor-element elementor-element-9b70606 ot-flex-column-vertical\" data-id=\"9b70606\" data-element_type=\"column\">\n\t\t\t<div class=\"elementor-widget-wrap elementor-element-populated\">\n\t\t\t\t\t\t<div class=\"elementor-element elementor-element-b5a63d4 elementor-widget elementor-widget-iimage_box\" data-id=\"b5a63d4\" data-element_type=\"widget\" data-widget_type=\"iimage_box.default\">\n\t\t\t\t<div class=\"elementor-widget-container\">\n\t\t\t\r\n\t\t<div class=\"ot-image-box\">\r\n\t\t\t<a href=\"https:\/\/www.warels.com.tr\/tr_TR\/iot-yazilimlari\"><img loading=\"lazy\" decoding=\"async\" width=\"870\" height=\"576\" src=\"https:\/\/www.warels.com.tr\/tr_TR\/wp-content\/uploads\/iot-yazilimlari-1.jpg\" class=\"attachment-full size-full wp-image-2178\" alt=\"\" srcset=\"https:\/\/www.warels.com.tr\/tr_TR\/wp-content\/uploads\/iot-yazilimlari-1.jpg 870w, https:\/\/www.warels.com.tr\/tr_TR\/wp-content\/uploads\/iot-yazilimlari-1-300x199.jpg 300w, https:\/\/www.warels.com.tr\/tr_TR\/wp-content\/uploads\/iot-yazilimlari-1-768x508.jpg 768w\" sizes=\"(max-width: 870px) 100vw, 870px\" \/><\/a>\t\t\t<div class=\"content-box\">\r\n\t\t\t\t<h5 class=\"title-box\"><a href=\"https:\/\/www.warels.com.tr\/tr_TR\/iot-yazilimlari\">IoT Yaz\u0131l\u0131mlar\u0131<\/a><\/h5>\t\t\t\t<p>IoT yaz\u0131l\u0131mlar\u0131m\u0131z, yapay zeka ile entegre edilerek cihazlar\u0131n\u0131z\u0131n birbirleriyle ileti\u015fim kurmas\u0131n\u0131 sa\u011flar. Bu sayede, cihazlar aras\u0131 ileti\u015fimi sa\u011flayarak verimlili\u011fi artt\u0131rabilir, enerji tasarrufu yapabilir ve i\u015f s\u00fcre\u00e7lerinizi iyile\u015ftirebilirsiniz.<\/p>\t\t\t<\/div>\r\n\t\t\t<a href=\"https:\/\/www.warels.com.tr\/tr_TR\/iot-yazilimlari\" class=\"link-box font-second\"><span>Daha Fazla...<\/span><i class=\"ot-flaticon-trajectory\"><\/i><\/a>\t    <\/div>\r\n\r\n\t    \t\t<\/div>\n\t\t\t\t<\/div>\n\t\t\t\t\t<\/div>\n\t\t<\/div>\n\t\t\t\t\t<\/div>\n\t\t<\/section>\n\t\t\t\t<section class=\"elementor-section elementor-inner-section elementor-element elementor-element-06f25af elementor-section-full_width elementor-section-height-default elementor-section-height-default\" data-id=\"06f25af\" data-element_type=\"section\" data-settings=\"{&quot;background_background&quot;:&quot;classic&quot;}\">\n\t\t\t\t\t\t<div class=\"elementor-container elementor-column-gap-extended\">\n\t\t\t\t\t<div class=\"elementor-column elementor-col-50 elementor-inner-column elementor-element elementor-element-8f8a16f ot-flex-column-vertical\" data-id=\"8f8a16f\" data-element_type=\"column\">\n\t\t\t<div class=\"elementor-widget-wrap elementor-element-populated\">\n\t\t\t\t\t\t<div class=\"elementor-element elementor-element-c28e229 elementor-widget elementor-widget-iimage_box\" data-id=\"c28e229\" data-element_type=\"widget\" data-widget_type=\"iimage_box.default\">\n\t\t\t\t<div class=\"elementor-widget-container\">\n\t\t\t\r\n\t\t<div class=\"ot-image-box\">\r\n\t\t\t<a href=\"https:\/\/www.warels.com.tr\/tr_TR\/ozellestirilmis-yazilim-cozumleri\"><img loading=\"lazy\" decoding=\"async\" width=\"870\" height=\"576\" src=\"https:\/\/www.warels.com.tr\/tr_TR\/wp-content\/uploads\/ozellestirilmis-yazilim-cozumleri-1.jpg\" class=\"attachment-full size-full wp-image-2177\" alt=\"\" srcset=\"https:\/\/www.warels.com.tr\/tr_TR\/wp-content\/uploads\/ozellestirilmis-yazilim-cozumleri-1.jpg 870w, https:\/\/www.warels.com.tr\/tr_TR\/wp-content\/uploads\/ozellestirilmis-yazilim-cozumleri-1-300x199.jpg 300w, https:\/\/www.warels.com.tr\/tr_TR\/wp-content\/uploads\/ozellestirilmis-yazilim-cozumleri-1-768x508.jpg 768w\" sizes=\"(max-width: 870px) 100vw, 870px\" \/><\/a>\t\t\t<div class=\"content-box\">\r\n\t\t\t\t<h5 class=\"title-box\"><a href=\"https:\/\/www.warels.com.tr\/tr_TR\/ozellestirilmis-yazilim-cozumleri\">\u00d6zelle\u015ftirilmi\u015f Yaz\u0131l\u0131m \u00c7\u00f6z\u00fcmleri<\/a><\/h5>\t\t\t\t<p>\u0130\u015fletmenize \u00f6zel yaz\u0131l\u0131m \u00e7\u00f6z\u00fcmlerimiz, yapay zeka teknolojileri ile entegre edilerek i\u015f s\u00fcre\u00e7lerinizi optimize etmenizi sa\u011flar. Bu sayede, operasyonel verimlili\u011fi artt\u0131rabilir, rekabet avantaj\u0131 elde edebilirsiniz. \u00d6zelle\u015ftirilmi\u015f yaz\u0131l\u0131mlar\u0131m\u0131z, i\u015fletmenizin ihtiya\u00e7lar\u0131na ve beklentilerine g\u00f6re tasarlanm\u0131\u015ft\u0131r ve i\u015fletmenizin hedeflerine ula\u015fman\u0131za yard\u0131mc\u0131 olur..<\/p>\t\t\t<\/div>\r\n\t\t\t<a href=\"https:\/\/www.warels.com.tr\/tr_TR\/ozellestirilmis-yazilim-cozumleri\" class=\"link-box font-second\"><span>DAHA FAZLA...<\/span><i class=\"ot-flaticon-trajectory\"><\/i><\/a>\t    <\/div>\r\n\r\n\t    \t\t<\/div>\n\t\t\t\t<\/div>\n\t\t\t\t\t<\/div>\n\t\t<\/div>\n\t\t\t\t<div class=\"elementor-column elementor-col-50 elementor-inner-column elementor-element elementor-element-9d9ad5a ot-flex-column-vertical\" data-id=\"9d9ad5a\" data-element_type=\"column\">\n\t\t\t<div class=\"elementor-widget-wrap\">\n\t\t\t\t\t\t\t<\/div>\n\t\t<\/div>\n\t\t\t\t\t<\/div>\n\t\t<\/section>\n\t\t\t\t\t<\/div>\n\t\t<\/div>\n\t\t\t\t\t<\/div>\n\t\t<\/section>\n\t\t\t\t<\/div>\n\t\t","protected":false},"excerpt":{"rendered":"<p>\u0130\u015finizi \u0130leriye Ta\u015f\u0131y\u0131n Ak\u0131ll\u0131 Depo Sistemlerinde Yaz\u0131l\u0131m \u00c7\u00f6z\u00fcmleri Sunuyoruz Tedarik Zinciri Y\u00f6netimi Yaz\u0131l\u0131mlar\u0131 Tedarik zinciri y\u00f6netimi yaz\u0131l\u0131mlar\u0131m\u0131z, yapay zeka destekli algoritmalar kullanarak tedarik zincirinizi optimize etmenizi sa\u011flar. T\u00fcm s\u00fcre\u00e7leri tek bir platformda y\u00f6netebilir, stok ve envanter y\u00f6netimini daha etkili bir \u015fekilde yapabilirsiniz. Daha Fazla&#8230; Lojistik Yaz\u0131l\u0131mlar\u0131 Lojistik yaz\u0131l\u0131mlar\u0131m\u0131z, yapay zeka ve makine \u00f6\u011frenme algoritmalar\u0131 kullanarak [&hellip;]<\/p>\n","protected":false},"author":1,"featured_media":0,"parent":0,"menu_order":0,"comment_status":"closed","ping_status":"closed","template":"","meta":{"footnotes":""},"_links":{"self":[{"href":"https:\/\/www.warels.com.tr\/tr_TR\/wp-json\/wp\/v2\/pages\/1692"}],"collection":[{"href":"https:\/\/www.warels.com.tr\/tr_TR\/wp-json\/wp\/v2\/pages"}],"about":[{"href":"https:\/\/www.warels.com.tr\/tr_TR\/wp-json\/wp\/v2\/types\/page"}],"author":[{"embeddable":true,"href":"https:\/\/www.warels.com.tr\/tr_TR\/wp-json\/wp\/v2\/users\/1"}],"replies":[{"embeddable":true,"href":"https:\/\/www.warels.com.tr\/tr_TR\/wp-json\/wp\/v2\/comments?post=1692"}],"version-history":[{"count":63,"href":"https:\/\/www.warels.com.tr\/tr_TR\/wp-json\/wp\/v2\/pages\/1692\/revisions"}],"predecessor-version":[{"id":2199,"href":"https:\/\/www.warels.com.tr\/tr_TR\/wp-json\/wp\/v2\/pages\/1692\/revisions\/2199"}],"wp:attachment":[{"href":"https:\/\/www.warels.com.tr\/tr_TR\/wp-json\/wp\/v2\/media?parent=1692"}],"curies":[{"name":"wp","href":"https:\/\/api.w.org\/{rel}","templated":true}]}}