{"id":487,"date":"2020-09-07T09:01:54","date_gmt":"2020-09-07T09:01:54","guid":{"rendered":"http:\/\/wpdemo.archiwp.com\/maxbizz\/?page_id=487"},"modified":"2024-05-23T13:59:11","modified_gmt":"2024-05-23T10:59:11","slug":"hakkimizda","status":"publish","type":"page","link":"https:\/\/www.warels.com.tr\/tr_TR\/hakkimizda","title":{"rendered":"Hakk\u0131m\u0131zda"},"content":{"rendered":"\t\t<div data-elementor-type=\"wp-page\" data-elementor-id=\"487\" class=\"elementor elementor-487\">\n\t\t\t\t\t\t<section class=\"elementor-section elementor-top-section elementor-element elementor-element-aeaf1cb elementor-section-content-middle elementor-section-boxed elementor-section-height-default elementor-section-height-default\" data-id=\"aeaf1cb\" data-element_type=\"section\">\n\t\t\t\t\t\t<div class=\"elementor-container elementor-column-gap-extended\">\n\t\t\t\t\t<div class=\"elementor-column elementor-col-50 elementor-top-column elementor-element elementor-element-e209ac4 ot-flex-column-vertical\" data-id=\"e209ac4\" data-element_type=\"column\">\n\t\t\t<div class=\"elementor-widget-wrap elementor-element-populated\">\n\t\t\t\t\t\t<div class=\"elementor-element elementor-element-34ca8c4 elementor-widget elementor-widget-image\" data-id=\"34ca8c4\" data-element_type=\"widget\" data-widget_type=\"image.default\">\n\t\t\t\t<div class=\"elementor-widget-container\">\n\t\t\t<style>\/*! elementor - v3.20.0 - 26-03-2024 *\/\n.elementor-widget-image{text-align:center}.elementor-widget-image a{display:inline-block}.elementor-widget-image a img[src$=\".svg\"]{width:48px}.elementor-widget-image img{vertical-align:middle;display:inline-block}<\/style>\t\t\t\t\t\t\t\t\t\t<img fetchpriority=\"high\" decoding=\"async\" width=\"630\" height=\"475\" src=\"https:\/\/www.warels.com.tr\/tr_TR\/wp-content\/uploads\/about-image-2.png\" class=\"attachment-full size-full wp-image-2180\" alt=\"\" srcset=\"https:\/\/www.warels.com.tr\/tr_TR\/wp-content\/uploads\/about-image-2.png 630w, https:\/\/www.warels.com.tr\/tr_TR\/wp-content\/uploads\/about-image-2-300x226.png 300w\" sizes=\"(max-width: 630px) 100vw, 630px\" \/>\t\t\t\t\t\t\t\t\t\t\t\t\t<\/div>\n\t\t\t\t<\/div>\n\t\t\t\t\t<\/div>\n\t\t<\/div>\n\t\t\t\t<div class=\"elementor-column elementor-col-50 elementor-top-column elementor-element elementor-element-1feb286 ot-flex-column-vertical\" data-id=\"1feb286\" data-element_type=\"column\">\n\t\t\t<div class=\"elementor-widget-wrap elementor-element-populated\">\n\t\t\t\t\t\t<div class=\"elementor-element elementor-element-841e06b elementor-widget elementor-widget-iheading\" data-id=\"841e06b\" data-element_type=\"widget\" data-widget_type=\"iheading.default\">\n\t\t\t\t<div class=\"elementor-widget-container\">\n\t\t\t\t\t<div class=\"ot-heading\">\r\n\t        <span class=\"is_highlight\">Warels Hakk\u0131nda<\/span>\t        <h3 class=\"main-head\">\u0130ntralojistik S\u00fcre\u00e7lerinde Verimli \u00c7\u00f6z\u00fcmler<\/h3>\t    <\/div>\r\n\t    \t\t<\/div>\n\t\t\t\t<\/div>\n\t\t\t\t<div class=\"elementor-element elementor-element-bb4f4ed elementor-widget elementor-widget-text-editor\" data-id=\"bb4f4ed\" data-element_type=\"widget\" data-widget_type=\"text-editor.default\">\n\t\t\t\t<div class=\"elementor-widget-container\">\n\t\t\t<style>\/*! elementor - v3.20.0 - 26-03-2024 *\/\n.elementor-widget-text-editor.elementor-drop-cap-view-stacked .elementor-drop-cap{background-color:#69727d;color:#fff}.elementor-widget-text-editor.elementor-drop-cap-view-framed .elementor-drop-cap{color:#69727d;border:3px solid;background-color:transparent}.elementor-widget-text-editor:not(.elementor-drop-cap-view-default) .elementor-drop-cap{margin-top:8px}.elementor-widget-text-editor:not(.elementor-drop-cap-view-default) .elementor-drop-cap-letter{width:1em;height:1em}.elementor-widget-text-editor .elementor-drop-cap{float:left;text-align:center;line-height:1;font-size:50px}.elementor-widget-text-editor .elementor-drop-cap-letter{display:inline-block}<\/style>\t\t\t\t<p>Warels\u00a0olarak, uzun y\u0131llara dayanan tecr\u00fcbemiz ve yenilik\u00e7i yakla\u015f\u0131m\u0131m\u0131zla Ak\u0131ll\u0131 Depolama Sistemleri alan\u0131nda \u00f6nc\u00fc bir firma olmaktan gurur duyuyoruz. Kurulu\u015fumuzdan bu yana, lojistik ve depo y\u00f6netimi s\u00fcre\u00e7lerinde verimlili\u011fi art\u0131rmay\u0131 ve m\u00fc\u015fterilerimize en iyi \u00e7\u00f6z\u00fcmleri sunmay\u0131 hedefliyoruz.<\/p><p>Warels, teknolojinin sundu\u011fu imkanlar\u0131 en \u00fcst d\u00fczeyde kullanarak, depolama ve lojistik alan\u0131nda global bir lider olmay\u0131 vizyon edinmi\u015ftir. Amac\u0131m\u0131z, m\u00fc\u015fterilerimizin i\u015f s\u00fcre\u00e7lerini kolayla\u015ft\u0131rmak, operasyonel verimliliklerini art\u0131rmak ve onlara rekabet avantaj\u0131 sa\u011flamakt\u0131r.<\/p><p>Misyonumuz, m\u00fc\u015fteri ihtiya\u00e7lar\u0131na odaklanarak, yenilik\u00e7i ve s\u00fcrd\u00fcr\u00fclebilir ak\u0131ll\u0131 depolama \u00e7\u00f6z\u00fcmleri sunmakt\u0131r. \u0130\u015f ortaklar\u0131m\u0131zla uzun vadeli ili\u015fkiler kurarak, onlar\u0131n b\u00fcy\u00fcme ve ba\u015far\u0131 yolculuklar\u0131na katk\u0131da bulunmay\u0131 hedefliyoruz.<\/p>\t\t\t\t\t\t<\/div>\n\t\t\t\t<\/div>\n\t\t\t\t\t<\/div>\n\t\t<\/div>\n\t\t\t\t\t<\/div>\n\t\t<\/section>\n\t\t\t\t<section class=\"elementor-section elementor-top-section elementor-element elementor-element-6af12be elementor-hidden-tablet elementor-hidden-mobile elementor-section-boxed elementor-section-height-default elementor-section-height-default\" data-id=\"6af12be\" data-element_type=\"section\">\n\t\t\t\t\t\t<div class=\"elementor-container elementor-column-gap-extended\">\n\t\t\t\t\t<div class=\"elementor-column elementor-col-33 elementor-top-column elementor-element elementor-element-9865002 ot-flex-column-vertical\" data-id=\"9865002\" data-element_type=\"column\">\n\t\t\t<div class=\"elementor-widget-wrap elementor-element-populated\">\n\t\t\t\t\t\t<div class=\"elementor-element elementor-element-0c75221 number-left elementor-widget elementor-widget-icounter\" data-id=\"0c75221\" data-element_type=\"widget\" data-widget_type=\"icounter.default\">\n\t\t\t\t<div class=\"elementor-widget-container\">\n\t\t\t    \t<div class=\"ot-counter icounter\" data-counter=\"350\">\r\n        \t<div class=\"c-number\">\r\n        \t\t<span class=\"num\" data-to=\"350\" data-time= \"2000\"><\/span><span>+<\/span>        \t<\/div>\r\n        \t<h6>Mutlu <br> M\u00fc\u015fteri<\/h6>      \t\t\t\t        \r\n\t    <\/div>\r\n\t    \t\t<\/div>\n\t\t\t\t<\/div>\n\t\t\t\t\t<\/div>\n\t\t<\/div>\n\t\t\t\t<div class=\"elementor-column elementor-col-33 elementor-top-column elementor-element elementor-element-4efe597 ot-flex-column-vertical\" data-id=\"4efe597\" data-element_type=\"column\">\n\t\t\t<div class=\"elementor-widget-wrap elementor-element-populated\">\n\t\t\t\t\t\t<div class=\"elementor-element elementor-element-3976936 number-left elementor-widget elementor-widget-icounter\" data-id=\"3976936\" data-element_type=\"widget\" data-widget_type=\"icounter.default\">\n\t\t\t\t<div class=\"elementor-widget-container\">\n\t\t\t    \t<div class=\"ot-counter icounter\" data-counter=\"215\">\r\n        \t<div class=\"c-number\">\r\n        \t\t<span class=\"num\" data-to=\"215\" data-time= \"2000\"><\/span><span>+<\/span>        \t<\/div>\r\n        \t<h6>Tamamlanan <br> Proje<\/h6>      \t\t\t\t        \r\n\t    <\/div>\r\n\t    \t\t<\/div>\n\t\t\t\t<\/div>\n\t\t\t\t\t<\/div>\n\t\t<\/div>\n\t\t\t\t<div class=\"elementor-column elementor-col-33 elementor-top-column elementor-element elementor-element-7d86b75 ot-flex-column-vertical\" data-id=\"7d86b75\" data-element_type=\"column\">\n\t\t\t<div class=\"elementor-widget-wrap elementor-element-populated\">\n\t\t\t\t\t\t<div class=\"elementor-element elementor-element-75279d9 number-left elementor-widget elementor-widget-icounter\" data-id=\"75279d9\" data-element_type=\"widget\" data-widget_type=\"icounter.default\">\n\t\t\t\t<div class=\"elementor-widget-container\">\n\t\t\t    \t<div class=\"ot-counter icounter\" data-counter=\"15\">\r\n        \t<div class=\"c-number\">\r\n        \t\t<span class=\"num\" data-to=\"15\" data-time= \"2000\"><\/span><span>+<\/span>        \t<\/div>\r\n        \t<h6>Y\u0131ll\u0131k <br>Deneyim<\/h6>      \t\t\t\t        \r\n\t    <\/div>\r\n\t    \t\t<\/div>\n\t\t\t\t<\/div>\n\t\t\t\t\t<\/div>\n\t\t<\/div>\n\t\t\t\t\t<\/div>\n\t\t<\/section>\n\t\t\t\t<section class=\"elementor-section elementor-top-section elementor-element elementor-element-64dde1f elementor-hidden-desktop elementor-section-boxed elementor-section-height-default elementor-section-height-default\" data-id=\"64dde1f\" data-element_type=\"section\">\n\t\t\t\t\t\t<div class=\"elementor-container elementor-column-gap-extended\">\n\t\t\t\t\t<div class=\"elementor-column elementor-col-33 elementor-top-column elementor-element elementor-element-5551be3 ot-flex-column-vertical\" data-id=\"5551be3\" data-element_type=\"column\">\n\t\t\t<div class=\"elementor-widget-wrap elementor-element-populated\">\n\t\t\t\t\t\t<div class=\"elementor-element elementor-element-a8b3013 number-top elementor-widget elementor-widget-icounter\" data-id=\"a8b3013\" data-element_type=\"widget\" data-widget_type=\"icounter.default\">\n\t\t\t\t<div class=\"elementor-widget-container\">\n\t\t\t    \t<div class=\"ot-counter icounter\" data-counter=\"350\">\r\n        \t<div class=\"c-number\">\r\n        \t\t<span class=\"num\" data-to=\"350\" data-time= \"2000\"><\/span><span>+<\/span>        \t<\/div>\r\n        \t<h6>Mutlu M\u00fc\u015fteri<\/h6>      \t\t\t\t        \r\n\t    <\/div>\r\n\t    \t\t<\/div>\n\t\t\t\t<\/div>\n\t\t\t\t\t<\/div>\n\t\t<\/div>\n\t\t\t\t<div class=\"elementor-column elementor-col-33 elementor-top-column elementor-element elementor-element-d4332e5 ot-flex-column-vertical\" data-id=\"d4332e5\" data-element_type=\"column\">\n\t\t\t<div class=\"elementor-widget-wrap elementor-element-populated\">\n\t\t\t\t\t\t<div class=\"elementor-element elementor-element-5ab0584 number-top elementor-widget elementor-widget-icounter\" data-id=\"5ab0584\" data-element_type=\"widget\" data-widget_type=\"icounter.default\">\n\t\t\t\t<div class=\"elementor-widget-container\">\n\t\t\t    \t<div class=\"ot-counter icounter\" data-counter=\"215\">\r\n        \t<div class=\"c-number\">\r\n        \t\t<span class=\"num\" data-to=\"215\" data-time= \"2000\"><\/span><span>+<\/span>        \t<\/div>\r\n        \t<h6>Tamamlanan Proje<\/h6>      \t\t\t\t        \r\n\t    <\/div>\r\n\t    \t\t<\/div>\n\t\t\t\t<\/div>\n\t\t\t\t\t<\/div>\n\t\t<\/div>\n\t\t\t\t<div class=\"elementor-column elementor-col-33 elementor-top-column elementor-element elementor-element-dad60ea ot-flex-column-vertical\" data-id=\"dad60ea\" data-element_type=\"column\">\n\t\t\t<div class=\"elementor-widget-wrap elementor-element-populated\">\n\t\t\t\t\t\t<div class=\"elementor-element elementor-element-68a759d number-top elementor-widget elementor-widget-icounter\" data-id=\"68a759d\" data-element_type=\"widget\" data-widget_type=\"icounter.default\">\n\t\t\t\t<div class=\"elementor-widget-container\">\n\t\t\t    \t<div class=\"ot-counter icounter\" data-counter=\"15\">\r\n        \t<div class=\"c-number\">\r\n        \t\t<span class=\"num\" data-to=\"15\" data-time= \"2000\"><\/span><span>+<\/span>        \t<\/div>\r\n        \t<h6>Y\u0131ll\u0131k Deneyim<\/h6>      \t\t\t\t        \r\n\t    <\/div>\r\n\t    \t\t<\/div>\n\t\t\t\t<\/div>\n\t\t\t\t\t<\/div>\n\t\t<\/div>\n\t\t\t\t\t<\/div>\n\t\t<\/section>\n\t\t\t\t<\/div>\n\t\t","protected":false},"excerpt":{"rendered":"<p>Warels Hakk\u0131nda \u0130ntralojistik S\u00fcre\u00e7lerinde Verimli \u00c7\u00f6z\u00fcmler Warels\u00a0olarak, uzun y\u0131llara dayanan tecr\u00fcbemiz ve yenilik\u00e7i yakla\u015f\u0131m\u0131m\u0131zla Ak\u0131ll\u0131 Depolama Sistemleri alan\u0131nda \u00f6nc\u00fc bir firma olmaktan gurur duyuyoruz. Kurulu\u015fumuzdan bu yana, lojistik ve depo y\u00f6netimi s\u00fcre\u00e7lerinde verimlili\u011fi art\u0131rmay\u0131 ve m\u00fc\u015fterilerimize en iyi \u00e7\u00f6z\u00fcmleri sunmay\u0131 hedefliyoruz. Warels, teknolojinin sundu\u011fu imkanlar\u0131 en \u00fcst d\u00fczeyde kullanarak, depolama ve lojistik alan\u0131nda global bir [&hellip;]<\/p>\n","protected":false},"author":1,"featured_media":0,"parent":0,"menu_order":0,"comment_status":"closed","ping_status":"closed","template":"","meta":{"footnotes":""},"_links":{"self":[{"href":"https:\/\/www.warels.com.tr\/tr_TR\/wp-json\/wp\/v2\/pages\/487"}],"collection":[{"href":"https:\/\/www.warels.com.tr\/tr_TR\/wp-json\/wp\/v2\/pages"}],"about":[{"href":"https:\/\/www.warels.com.tr\/tr_TR\/wp-json\/wp\/v2\/types\/page"}],"author":[{"embeddable":true,"href":"https:\/\/www.warels.com.tr\/tr_TR\/wp-json\/wp\/v2\/users\/1"}],"replies":[{"embeddable":true,"href":"https:\/\/www.warels.com.tr\/tr_TR\/wp-json\/wp\/v2\/comments?post=487"}],"version-history":[{"count":58,"href":"https:\/\/www.warels.com.tr\/tr_TR\/wp-json\/wp\/v2\/pages\/487\/revisions"}],"predecessor-version":[{"id":2243,"href":"https:\/\/www.warels.com.tr\/tr_TR\/wp-json\/wp\/v2\/pages\/487\/revisions\/2243"}],"wp:attachment":[{"href":"https:\/\/www.warels.com.tr\/tr_TR\/wp-json\/wp\/v2\/media?parent=487"}],"curies":[{"name":"wp","href":"https:\/\/api.w.org\/{rel}","templated":true}]}}